{"id":2358,"date":"2023-12-30T10:01:22","date_gmt":"2023-12-30T09:01:22","guid":{"rendered":"https:\/\/www.360-health.ch\/allgemeine-bedingungen-und-konditionen\/"},"modified":"2024-11-05T12:01:42","modified_gmt":"2024-11-05T11:01:42","slug":"allgemeine-bedingungen-und-konditionen","status":"publish","type":"page","link":"https:\/\/www.360-health.ch\/de\/allgemeine-bedingungen-und-konditionen\/","title":{"rendered":"Allgemeine Gesch\u00e4ftsbedingungen"},"content":{"rendered":"\t\t<div data-elementor-type=\"wp-page\" data-elementor-id=\"2358\" class=\"elementor elementor-2358 elementor-101\" data-elementor-post-type=\"page\">\n\t\t\t\t\t\t<section class=\"elementor-section elementor-top-section elementor-element elementor-element-c0ed237 elementor-section-boxed elementor-section-height-default elementor-section-height-default\" data-id=\"c0ed237\" data-element_type=\"section\" data-e-type=\"section\">\n\t\t\t\t\t\t<div class=\"elementor-container elementor-column-gap-default\">\n\t\t\t\t\t<div class=\"elementor-column elementor-col-100 elementor-top-column elementor-element elementor-element-93cb81b\" data-id=\"93cb81b\" data-element_type=\"column\" data-e-type=\"column\">\n\t\t\t<div class=\"elementor-widget-wrap elementor-element-populated\">\n\t\t\t\t\t\t<div class=\"elementor-element elementor-element-7166f748 elementor-widget elementor-widget-text-editor\" data-id=\"7166f748\" data-element_type=\"widget\" data-e-type=\"widget\" data-widget_type=\"text-editor.default\">\n\t\t\t\t<div class=\"elementor-widget-container\">\n\t\t\t\t\t\t\t\t\t<p style=\"font-weight: 400;\"><strong>Allgemeine Gesch\u00e4ftsbedingungen (AGB)<\/strong><\/p>\n<p style=\"font-weight: 400;\">Zuletzt aktualisiert: 21 Mai 2024<\/p>\n<p style=\"font-weight: 400;\"><strong>1 Anwendungsbereich<\/strong><\/p>\n<p style=\"font-weight: 400;\">Die Allgemeinen Gesch\u00e4ftsbedingungen (nachfolgend<strong>&#8222;AGB<\/strong>&#8222;) gelten f\u00fcr alle Rechtsgesch\u00e4fte, die \u00fcber die Online-Shops www.360-health.ch (nachfolgend einzeln &#8222;<strong> Online-Shop<\/strong>&#8220; genannt) abgeschlossen werden. Der Online-Shop wird von der City Integration Switzerland GmbH (nachfolgend <strong>&#8222;<\/strong>City Integration&#8220; genannt) betrieben.<\/p>\n<p style=\"font-weight: 400;\">City Integration beh\u00e4lt sich das Recht vor, diese Allgemeinen Gesch\u00e4ftsbedingungen jederzeit zu \u00e4ndern. Ma\u00dfgeblich ist die zum Zeitpunkt der Bestellung geltende Fassung dieser AGB, die f\u00fcr diese Bestellung nicht einseitig ge\u00e4ndert werden kann. Entgegenstehende oder abweichende Bedingungen des Auftraggebers werden nicht anerkannt.<\/p>\n<p style=\"font-weight: 400;\">Das Angebot des Online-Shops richtet sich ausschliesslich an Kunden mit Wohn- oder Gesch\u00e4ftssitz in der Schweiz.<\/p>\n<p style=\"font-weight: 400;\">Die Lieferungen erfolgen ausschliesslich an Adressen in der Schweiz.<\/p>\n<p style=\"font-weight: 400;\">Das Angebot ist g\u00fcltig, solange das Produkt \u00fcber die Suchmaschine im Online-Shop gefunden werden kann und\/oder der Vorrat reicht.<\/p>\n<p style=\"font-weight: 400;\"><strong>2 Informationen<\/strong><\/p>\n<p style=\"font-weight: 400;\"><strong>2.1 Produkt und Preis<\/strong><\/p>\n<p style=\"font-weight: 400;\">Produktabbildungen in Anzeigen, Brosch\u00fcren, Online-Shops usw. dienen der Illustration und sind unverbindlich.<\/p>\n<p style=\"font-weight: 400;\">Alle im Online-Shop ver\u00f6ffentlichten Verkaufspreise sind Nettopreise. Dies bedeutet, dass die Mehrwertsteuer hinzugef\u00fcgt werden muss. Die Kosten f\u00fcr Versand gehen zu Lasten des Kunden. City Integration beh\u00e4lt sich das Recht vor, die Preise f\u00fcr die angebotenen Produkte und Dienstleistungen jederzeit zu \u00e4ndern. Ma\u00dfgeblich f\u00fcr das Zustandekommen des Kaufvertrages ist der Preis im Online-Shop zum Zeitpunkt der Bestellung.<\/p>\n<p style=\"font-weight: 400;\"><strong>2.2 Verf\u00fcgbarkeit und Lieferfrist<\/strong><\/p>\n<p style=\"font-weight: 400;\">City Integration legt gro\u00dfen Wert darauf, im Online-Shop aktuelle und genaue Verf\u00fcgbarkeiten und Lieferzeiten anzugeben. Insbesondere aufgrund von Produktions- oder Lieferengp\u00e4ssen kann es bei City Integration jedoch zu Lieferverz\u00f6gerungen kommen. Alle Angaben zu Verf\u00fcgbarkeit und Lieferzeit sind daher ohne Gew\u00e4hr und k\u00f6nnen sich jederzeit \u00e4ndern.<\/p>\n<p style=\"font-weight: 400;\"><strong>3 Abschluss des Vertrages<\/strong><\/p>\n<p style=\"font-weight: 400;\">Die Produkte und Preise im Online Shop gelten als Angebot. Dieses Angebot steht jedoch immer unter dem Vorbehalt der Unm\u00f6glichkeit der Lieferung oder einer falschen Preisangabe, wodurch der Vertrag beendet wird.<\/p>\n<p style=\"font-weight: 400;\">Der Kaufvertrag \u00fcber die Produkte von City Integration kommt mit City Integration zustande, sobald der Kunde seine Bestellung im Online-Shop, telefonisch oder per E-Mail abgibt (nachfolgend<strong>&#8222;Kaufvertrag<\/strong>&#8220; genannt).<\/p>\n<p style=\"font-weight: 400;\">Der Eingang einer Online-Bestellung wird dem Kunden durch eine automatisch generierte Bestellbest\u00e4tigung von City Integration an die vom Kunden angegebene E-Mail-Adresse angezeigt. Der Erhalt der automatisch generierten Auftragsbest\u00e4tigung stellt keine Garantie dar, dass das Produkt tats\u00e4chlich geliefert werden kann. Sie zeigt dem Kunden lediglich an, dass die aufgegebene Bestellung im Online-Shop eingegangen ist und der Vertrag mit City Integration somit unter der Bedingung geschlossen wurde, dass die Lieferung m\u00f6glich ist und der Preis korrekt angegeben ist.<\/p>\n<p style=\"font-weight: 400;\"><strong>4 Liefertermin<\/strong><\/p>\n<p style=\"font-weight: 400;\">Mit der Auftragsbest\u00e4tigung wird dem Kunden ein vorl\u00e4ufiger Liefertermin mitgeteilt oder der Kunde wird kontaktiert und es wird ein individueller Liefertermin vereinbart.<\/p>\n<p style=\"font-weight: 400;\">Befindet sich City Integration in Lieferverzug, hat der Kunde das Recht, ab dem 30. Kalendertag nach dem urspr\u00fcnglich angek\u00fcndigten Liefertermin vom Vertrag zur\u00fcckzutreten (au\u00dfer bei Sonderbestellungen). In diesem Fall erstattet City Integration dem Kunden die bereits im Voraus gezahlten Betr\u00e4ge. Es bestehen keine weiteren Anspr\u00fcche gegen City Integration.<\/p>\n<p style=\"font-weight: 400;\"><strong>5 Lieferung \/ Abholung im Gesch\u00e4ft<\/strong><\/p>\n<p style=\"font-weight: 400;\">Bei den Produkten von City Integration haben die Kunden Zugang zu allen Liefer- und Abholoptionen, die im Online-Shop unter <a href=\"https:\/\/www.digitec.ch\/de\/wiki\/556\" target=\"_blank\" rel=\"noopener\">&#8222;Lieferung und Abholung&#8220;<\/a> aufgef\u00fchrt sind <a href=\"https:\/\/www.digitec.ch\/de\/wiki\/556\" target=\"_blank\" rel=\"noopener\">.<\/a><\/p>\n<p style=\"font-weight: 400;\">Die Lieferadresse des Kunden muss in der Schweiz liegen und mit dem Lastwagen gut erreichbar sein. Ist dies nicht der Fall, so tr\u00e4gt der Kunde die zus\u00e4tzlichen Kosten.<\/p>\n<p style=\"font-weight: 400;\">Nimmt der Kunde die bestellten Produkte nicht zum vereinbarten oder angegebenen Liefertermin ab, kann City Integration den Vertrag k\u00fcndigen (stornieren) und dem Kunden die entstandenen Lieferkosten und den Wertverlust in Rechnung stellen.<\/p>\n<p style=\"font-weight: 400;\"><strong>6 Verpflichtung zur Kontrolle<\/strong><\/p>\n<p style=\"font-weight: 400;\">Der Kunde hat gelieferte oder abgeholte Produkte unverz\u00fcglich auf Richtigkeit, Vollst\u00e4ndigkeit und Liefersch\u00e4den zu \u00fcberpr\u00fcfen.<\/p>\n<p style=\"font-weight: 400;\">Bei Speditionslieferungen m\u00fcssen eventuelle Liefersch\u00e4den auf dem Lieferschein vermerkt werden.<\/p>\n<p style=\"font-weight: 400;\"><strong>7 Garantie<\/strong><\/p>\n<p style=\"font-weight: 400;\"><strong>7.1 Grundlegende Bestimmungen<\/strong><\/p>\n<p style=\"font-weight: 400;\">City Integration \u00fcbernimmt im Rahmen der gesetzlichen Bestimmungen die Gew\u00e4hr f\u00fcr die Mangelfreiheit und Funktionsf\u00e4higkeit der bestellten Ware nach Lieferung. Die Garantiezeit l\u00e4uft unabh\u00e4ngig von der Erbringung von Garantieleistungen weiter. City Integration kann die Garantie optional erweitern um<\/p>\n<ul style=\"font-weight: 400;\">\n<li>teilweiser und vollst\u00e4ndiger Ersatz durch ein gleichwertiges Produkt.<\/li>\n<li>Ersetzung durch ein neues Produkt<\/li>\n<li>Gutschrift zum aktuellen Preis, (maximal der Verkaufspreis zum Zeitpunkt der Bestellung); oder<\/li>\n<li>Verringern Sie<\/li>\n<\/ul>\n<p style=\"font-weight: 400;\">einf\u00fchren.<\/p>\n<p style=\"font-weight: 400;\"><strong>8 Haftung und Haftungsausschluss<\/strong><\/p>\n<p style=\"font-weight: 400;\"><strong>8.1 Haftung<\/strong><\/p>\n<p style=\"font-weight: 400;\">Die Haftung richtet sich nach den geltenden gesetzlichen Bestimmungen. City Integration ist jedoch in keinem Fall haftbar f\u00fcr (i) leichte Fahrl\u00e4ssigkeit, (ii) indirekte Sch\u00e4den, Folgesch\u00e4den und entgangene Gewinne, (iii) nicht realisierte Einsparungen, (iv) Sch\u00e4den infolge von Lieferverzug und (v) Handlungen und Unterlassungen der Hilfspersonen von City Integration, unabh\u00e4ngig davon, ob sie vertraglich oder au\u00dfervertraglich vereinbart wurden.<\/p>\n<p style=\"font-weight: 400;\">Dar\u00fcber hinaus lehnt City Integration die Haftung in den folgenden F\u00e4llen ab:<\/p>\n<ul style=\"font-weight: 400;\">\n<li>unsachgem\u00e4\u00dfe, nicht vertragsgem\u00e4\u00dfe oder rechtswidrige Lagerung, Aussetzung oder Verwendung der Produkte;<\/li>\n<li>H\u00f6here Gewalt, insbesondere Sch\u00e4den durch Naturereignisse, Feuchtigkeit, St\u00fcrze und St\u00f6\u00dfe usw., die von City Integration nicht zu vertreten sind, sowie beh\u00f6rdliche Anordnungen.<\/li>\n<\/ul>\n<p style=\"font-weight: 400;\"><strong> <\/strong><\/p>\n<p style=\"font-weight: 400;\"><strong>8.2. Beschr\u00e4nkung der Haftung<\/strong><\/p>\n<p style=\"font-weight: 400;\">City Integration schlie\u00dft uneingeschr\u00e4nkt jede Haftung f\u00fcr Verluste bzw. Sch\u00e4den irgendwelcher Art aus, sei es f\u00fcr direkte, indirekte oder Folgesch\u00e4den, die sich aus der Ben\u00fctzung der bzw. des Zugriffs auf die Webseiten von City Integration oder aus Links zu Webseiten Dritter ergeben. City Integration \u00fcbernimmt keine Garantie daf\u00fcr, dass die einzelnen Teile der Website fehlerfrei funktionieren. Dar\u00fcber hinaus lehnt City Integration jegliche Haftung f\u00fcr Manipulationen am Computersystem des Internetnutzers durch Unbefugte ab. Unser Service ist ausschlie\u00dflich f\u00fcr die Nutzung durch die Testperson bestimmt. Die Nutzung unserer Dienste im Auftrag von Dritten ist strengstens untersagt.<\/p>\n<p style=\"font-weight: 400;\"><strong>9 Zahlung<\/strong><\/p>\n<p style=\"font-weight: 400;\"><strong>9.1 Zahlungsmodalit\u00e4ten<\/strong><\/p>\n<p style=\"font-weight: 400;\">Alle Zahlungsforderungen f\u00fcr Produkte und Dienstleistungen, die \u00fcber die Online-Shops von City Integration erworben wurden, werden direkt an den Kunden gestellt.<\/p>\n<p style=\"font-weight: 400;\">Die Zahlungen sind in Schweizer Franken zu leisten. <span style=\"font-family: var( --e-global-typography-text-font-family ), Sans-serif; font-size: var( --e-global-typography-text-font-size );\">Der Kunde kann die im Online-Shop unter &#8222;Zahlungsm\u00f6glichkeiten&#8220; angebotenen Zahlungsarten als Zahlungsmittel nutzen. <\/span><\/p>\n<p style=\"font-weight: 400;\">Wenn Sie mit Kreditkarte oder einer anderen Sofortzahlungsmethode bezahlen, werden Sie zum Zeitpunkt der Bestellung belastet. Bei Vorkasse erfolgt die Lieferung erst nach Zahlungseingang. Die Produkte im Zentrallager von City Integration sind bis zum Ende der Zahlungsfrist von mindestens 11 Kalendertagen reserviert.<\/p>\n<p style=\"font-weight: 400;\"><strong>9.2 Zahlungsverzug<\/strong><\/p>\n<p style=\"font-weight: 400;\">Wenn der Auftraggeber seinen Zahlungsverpflichtungen ganz oder teilweise nicht nachkommt, werden alle ausstehenden Betr\u00e4ge, die der Auftraggeber City Integration aus irgendeinem Titel schuldet, sofort f\u00e4llig (bei Vorauszahlung innerhalb von 8 Kalendertagen ab dem Datum der ersten Mahnung) und City Integration kann sie sofort einfordern und weitere Lieferungen von Produkten an den Auftraggeber einstellen.<\/p>\n<p style=\"font-weight: 400;\">City Integration verrechnet f\u00fcr die 2. Mahnung eine Entsch\u00e4digung von CHF 5 und f\u00fcr die 3. Mahnung CHF 20. Bei erfolglosen Mahnungen k\u00f6nnen die Rechnungsbetr\u00e4ge an ein mit dem Inkasso beauftragtes Unternehmen abgetreten werden. In diesem Fall kann ein zus\u00e4tzlicher effektiver Jahreszins von bis zu 15 % auf den geschuldeten Rechnungsbetrag ab dem F\u00e4lligkeitsdatum berechnet werden. Das mit dem Inkasso beauftragte Unternehmen wird die ausstehenden Betr\u00e4ge in eigenem Namen und auf eigene Rechnung einfordern und kann zus\u00e4tzliche Bearbeitungsgeb\u00fchren verlangen.<\/p>\n<p style=\"font-weight: 400;\"><strong>9.3 Eigentumsvorbehalt<\/strong><\/p>\n<p style=\"font-weight: 400;\">Die bestellten Produkte bleiben Eigentum von City Integration, bis die vollst\u00e4ndige Zahlung an City Integration erfolgt ist. City Integration ist berechtigt, einen entsprechenden Eintrag in das Eigentumsvorbehaltsregister vorzunehmen. Vor \u00dcbergang des Eigentums ist eine Verpf\u00e4ndung, Sicherungs\u00fcbereignung, Verarbeitung oder Umgestaltung ohne ausdr\u00fcckliche Einwilligung von City Integration nicht zul\u00e4ssig.<\/p>\n<p style=\"font-weight: 400;\"><strong>10 \u00c4nderung der Bestellung oder Stornierung<\/strong><\/p>\n<p style=\"font-weight: 400;\">Bestellungen verpflichten den Kunden zur Abnahme der Produkte und Dienstleistungen. City Integration kann nachtr\u00e4gliche \u00c4nderungen von Kundenauftr\u00e4gen nach eigenem Ermessen akzeptieren und eine Entsch\u00e4digung von 20% des stornierten Auftragswertes, mindestens jedoch CHF 60, sowie den Wertverlust der stornierten Produkte seit ihrer Bestellung in Rechnung stellen.<\/p>\n<p style=\"font-weight: 400;\">Tritt nach einer Bestellung oder einem Vertragsabschluss gem\u00e4\u00df Ziffer 3 eine (teilweise) Unm\u00f6glichkeit der Lieferung (aufl\u00f6sende Bedingung) ein, wird der Kunde unverz\u00fcglich per E-Mail informiert. Wenn der Kunde bereits bezahlt hat, wird dieser Betrag zur\u00fcckerstattet. Ist noch keine Zahlung erfolgt, wird der Kunde von der Zahlungspflicht befreit. Weitergehende Anspr\u00fcche wegen Lieferverzug oder Nichtlieferung sind ausgeschlossen.<\/p>\n<p style=\"font-weight: 400;\"><strong>11 R\u00fccksendung mangelfreier Waren<\/strong><\/p>\n<p style=\"font-weight: 400;\">Wenn der Kunde innerhalb von 30 Tagen von seinem R\u00fcckgaberecht Gebrauch macht, erstattet City Integration den gesamten Kaufpreis.<\/p>\n<p style=\"font-weight: 400;\"><strong>12 Datenschutz<\/strong><\/p>\n<p style=\"font-weight: 400;\">Die Datenschutzerkl\u00e4rung gilt f\u00fcr die Verarbeitung von personenbezogenen Daten durch City Integration.<\/p>\n<p style=\"font-weight: 400;\"><strong>13 Teilweise Invalidit\u00e4t<\/strong><\/p>\n<p style=\"font-weight: 400;\">Sollten einzelne Bestimmungen dieser AGB ung\u00fcltig oder unwirksam sein, so hat dies keinen Einfluss auf die G\u00fcltigkeit der \u00fcbrigen Bestimmungen und dieser AGB im Ganzen.<\/p>\n<p style=\"font-weight: 400;\"><strong>14 Gerichtsstand und anwendbares Recht<\/strong><\/p>\n<p style=\"font-weight: 400;\">Alle Rechtsbeziehungen zwischen City Integration und der Kundschaft unterstehen dem materiellen Schweizer Recht. Das Wiener \u00dcbereinkommen \u00fcber Vertr\u00e4ge \u00fcber den internationalen Warenkauf ist nicht anwendbar.<\/p>\n<p style=\"font-weight: 400;\">Es gelten die folgenden ausschlie\u00dflichen Zust\u00e4ndigkeiten:<\/p>\n<p style=\"font-weight: 400;\">F\u00fcr alle Anspr\u00fcche aus Kaufvertr\u00e4gen, an denen City Integration beteiligt ist, gilt: F\u00fcr Anspr\u00fcche von Verbrauchern ist deren Wohnsitz oder Holzh\u00e4user ZG Gerichtsstand. In allen anderen F\u00e4llen ist der ausschlie\u00dfliche Gerichtsstand Holzh\u00e4user ZG.<\/p>\n<p style=\"font-weight: 400;\"><strong>15 Urheberrechtshinweis<\/strong><\/p>\n<p style=\"font-weight: 400;\">Alle Rechte, einschlie\u00dflich der Urheberrechte, an diesen AGBs liegen bei City Integration.<\/p>\n<p style=\"font-weight: 400;\">Jede Vervielf\u00e4ltigung, Verbreitung oder sonstige Nutzung ist untersagt und darf nur mit ausdr\u00fccklicher schriftlicher Genehmigung von City Integration erfolgen. Im Falle eines Versto\u00dfes gegen diese Vorschrift beh\u00e4lt sich City Integration das Recht vor, alle rechtlichen Schritte einzuleiten.<\/p>\n<p style=\"font-weight: 400;\">Januar 2024<\/p>\n\t\t\t\t\t\t\t\t<\/div>\n\t\t\t\t<\/div>\n\t\t\t\t\t<\/div>\n\t\t<\/div>\n\t\t\t\t\t<\/div>\n\t\t<\/section>\n\t\t\t\t<\/div>\n\t\t","protected":false},"excerpt":{"rendered":"<p>Allgemeine Gesch\u00e4ftsbedingungen (AGB) Zuletzt aktualisiert: 21 Mai 2024 1 Anwendungsbereich Die Allgemeinen Gesch\u00e4ftsbedingungen (nachfolgend&#8222;AGB&#8222;) gelten f\u00fcr alle Rechtsgesch\u00e4fte, die \u00fcber die Online-Shops www.360-health.ch (nachfolgend einzeln &#8222; Online-Shop&#8220; genannt) abgeschlossen werden. Der Online-Shop wird von der City Integration Switzerland GmbH (nachfolgend &#8222;City Integration&#8220; genannt) betrieben. City Integration beh\u00e4lt sich das Recht vor, diese Allgemeinen Gesch\u00e4ftsbedingungen jederzeit&#8230;<\/p>\n","protected":false},"author":1,"featured_media":0,"parent":0,"menu_order":0,"comment_status":"closed","ping_status":"closed","template":"","meta":{"_acf_changed":false,"_kad_post_transparent":"","_kad_post_title":"","_kad_post_layout":"","_kad_post_sidebar_id":"","_kad_post_content_style":"","_kad_post_vertical_padding":"","_kad_post_feature":"","_kad_post_feature_position":"","_kad_post_header":false,"_kad_post_footer":false,"_kad_post_classname":"","footnotes":""},"class_list":["post-2358","page","type-page","status-publish","hentry"],"acf":[],"_links":{"self":[{"href":"https:\/\/www.360-health.ch\/de\/wp-json\/wp\/v2\/pages\/2358","targetHints":{"allow":["GET"]}}],"collection":[{"href":"https:\/\/www.360-health.ch\/de\/wp-json\/wp\/v2\/pages"}],"about":[{"href":"https:\/\/www.360-health.ch\/de\/wp-json\/wp\/v2\/types\/page"}],"author":[{"embeddable":true,"href":"https:\/\/www.360-health.ch\/de\/wp-json\/wp\/v2\/users\/1"}],"replies":[{"embeddable":true,"href":"https:\/\/www.360-health.ch\/de\/wp-json\/wp\/v2\/comments?post=2358"}],"version-history":[{"count":0,"href":"https:\/\/www.360-health.ch\/de\/wp-json\/wp\/v2\/pages\/2358\/revisions"}],"wp:attachment":[{"href":"https:\/\/www.360-health.ch\/de\/wp-json\/wp\/v2\/media?parent=2358"}],"curies":[{"name":"wp","href":"https:\/\/api.w.org\/{rel}","templated":true}]}}