{"id":2625,"date":"2023-12-30T10:22:03","date_gmt":"2023-12-30T10:22:03","guid":{"rendered":"https:\/\/www.360-health.ch\/product\/pcr-test-auf-chlamydien-und-gonorrhoee\/"},"modified":"2026-04-19T18:23:55","modified_gmt":"2026-04-19T16:23:55","slug":"chlamydien-und-gonorrhoe","status":"publish","type":"product","link":"https:\/\/www.360-health.ch\/de\/produkt\/chlamydien-und-gonorrhoe\/","title":{"rendered":"STD-Test Chlamydia trachomatis, Neisseria gonorrhoeae, Mycoplasma genitalium PCR"},"content":{"rendered":"\t\t<div data-elementor-type=\"product-post\" data-elementor-id=\"2625\" class=\"elementor elementor-2625 elementor-117\" data-elementor-post-type=\"product\">\n\t\t\t\t\t\t<section class=\"elementor-section elementor-top-section elementor-element elementor-element-51a18fa8 elementor-section-boxed elementor-section-height-default elementor-section-height-default\" data-id=\"51a18fa8\" data-element_type=\"section\" data-e-type=\"section\">\n\t\t\t\t\t\t\t<div class=\"elementor-background-overlay\"><\/div>\n\t\t\t\t\t\t\t<div class=\"elementor-container elementor-column-gap-default\">\n\t\t\t\t\t<div class=\"elementor-column elementor-col-100 elementor-top-column elementor-element elementor-element-70a93bb9\" data-id=\"70a93bb9\" data-element_type=\"column\" data-e-type=\"column\">\n\t\t\t<div class=\"elementor-widget-wrap elementor-element-populated\">\n\t\t\t\t\t\t<div class=\"elementor-element elementor-element-30c9e4e8 elementor-widget elementor-widget-heading\" data-id=\"30c9e4e8\" data-element_type=\"widget\" data-e-type=\"widget\" data-widget_type=\"heading.default\">\n\t\t\t\t<div class=\"elementor-widget-container\">\n\t\t\t\t\t<h2 class=\"elementor-heading-title elementor-size-default\">Wie funktioniert der Test?<\/h2>\t\t\t\t<\/div>\n\t\t\t\t<\/div>\n\t\t\t\t<div class=\"elementor-element elementor-element-743a0207 elementor-widget elementor-widget-text-editor\" data-id=\"743a0207\" data-element_type=\"widget\" data-e-type=\"widget\" data-widget_type=\"text-editor.default\">\n\t\t\t\t<div class=\"elementor-widget-container\">\n\t\t\t\t\t\t\t\t\t<p>Wir bieten STI-Testkits (f\u00fcr Geschlechtskrankheiten) an, mit denen Sie eine Probe zu Hause entnehmen und an das Labor schicken k\u00f6nnen.<\/p>\t\t\t\t\t\t\t\t<\/div>\n\t\t\t\t<\/div>\n\t\t\t\t<section class=\"elementor-section elementor-inner-section elementor-element elementor-element-3787212d animated-slow elementor-section-boxed elementor-section-height-default elementor-section-height-default elementor-invisible\" data-id=\"3787212d\" data-element_type=\"section\" data-e-type=\"section\" data-settings=\"{&quot;animation&quot;:&quot;fadeInUp&quot;}\">\n\t\t\t\t\t\t<div class=\"elementor-container elementor-column-gap-no\">\n\t\t\t\t\t<div class=\"elementor-column elementor-col-25 elementor-inner-column elementor-element elementor-element-2b08b65e\" data-id=\"2b08b65e\" data-element_type=\"column\" data-e-type=\"column\">\n\t\t\t<div class=\"elementor-widget-wrap elementor-element-populated\">\n\t\t\t\t\t\t<div class=\"elementor-element elementor-element-3b897ae2 jkit-equal-height-disable elementor-widget elementor-widget-jkit_icon_box\" data-id=\"3b897ae2\" data-element_type=\"widget\" data-e-type=\"widget\" data-widget_type=\"jkit_icon_box.default\">\n\t\t\t\t<div class=\"elementor-widget-container\">\n\t\t\t\t\t<div  class=\"jeg-elementor-kit jkit-icon-box icon-position-top elementor-animation-grow jeg_module___69f0c6ad5035c\" ><div class=\"jkit-icon-box-wrapper hover-from-left\"><div class=\"icon-box icon-box-header elementor-animation-float\"><div class=\"icon style-color\"><img decoding=\"async\" width=\"64\" height=\"64\" src=\"https:\/\/www.360-health.ch\/wp-content\/uploads\/2023\/12\/checkout.png\" class=\"attachment-full size-full\" alt=\"Bestellen Sie Ihr Testkit\" url=\"https:\/\/www.360-health.ch\/wp-content\/uploads\/2023\/12\/checkout.png\" source=\"library\" title=\"\"><\/div><\/div><div class=\"icon-box icon-box-body\">\n                <h3 class=\"title\">Bestellen Sie Ihr Testkit<\/h3>\n            <\/div>\n            \n            <\/div><\/div>\t\t\t\t<\/div>\n\t\t\t\t<\/div>\n\t\t\t\t\t<\/div>\n\t\t<\/div>\n\t\t\t\t<div class=\"elementor-column elementor-col-25 elementor-inner-column elementor-element elementor-element-58bf14e3\" data-id=\"58bf14e3\" data-element_type=\"column\" data-e-type=\"column\">\n\t\t\t<div class=\"elementor-widget-wrap elementor-element-populated\">\n\t\t\t\t\t\t<div class=\"elementor-element elementor-element-34974644 jkit-equal-height-disable elementor-widget elementor-widget-jkit_icon_box\" data-id=\"34974644\" data-element_type=\"widget\" data-e-type=\"widget\" data-widget_type=\"jkit_icon_box.default\">\n\t\t\t\t<div class=\"elementor-widget-container\">\n\t\t\t\t\t<div  class=\"jeg-elementor-kit jkit-icon-box icon-position-top elementor-animation-grow jeg_module__1_69f0c6ad51b6d\" ><div class=\"jkit-icon-box-wrapper hover-from-left\"><div class=\"icon-box icon-box-header elementor-animation-float\"><div class=\"icon style-color\"><img decoding=\"async\" width=\"64\" height=\"64\" src=\"https:\/\/www.360-health.ch\/wp-content\/uploads\/2023\/12\/blood-tube.png\" class=\"attachment-full size-full\" alt=\"Nehmen Sie Ihre Probe von zu Hause mit\" url=\"https:\/\/www.360-health.ch\/wp-content\/uploads\/2023\/12\/blood-tube.png\" source=\"library\" title=\"\"><\/div><\/div><div class=\"icon-box icon-box-body\">\n                <h3 class=\"title\">Nehmen Sie Ihre Probe von zu Hause mit<\/h3>\n            <\/div>\n            \n            <\/div><\/div>\t\t\t\t<\/div>\n\t\t\t\t<\/div>\n\t\t\t\t\t<\/div>\n\t\t<\/div>\n\t\t\t\t<div class=\"elementor-column elementor-col-25 elementor-inner-column elementor-element elementor-element-548dbdad\" data-id=\"548dbdad\" data-element_type=\"column\" data-e-type=\"column\">\n\t\t\t<div class=\"elementor-widget-wrap elementor-element-populated\">\n\t\t\t\t\t\t<div class=\"elementor-element elementor-element-1866dcac jkit-equal-height-disable elementor-widget elementor-widget-jkit_icon_box\" data-id=\"1866dcac\" data-element_type=\"widget\" data-e-type=\"widget\" data-widget_type=\"jkit_icon_box.default\">\n\t\t\t\t<div class=\"elementor-widget-container\">\n\t\t\t\t\t<div  class=\"jeg-elementor-kit jkit-icon-box icon-position-top elementor-animation-grow jeg_module__2_69f0c6ad52c35\" ><div class=\"jkit-icon-box-wrapper hover-from-left\"><div class=\"icon-box icon-box-header elementor-animation-float\"><div class=\"icon style-color\"><img decoding=\"async\" width=\"64\" height=\"64\" src=\"https:\/\/www.360-health.ch\/wp-content\/uploads\/2023\/12\/microscope.png\" class=\"attachment-full size-full\" alt=\"Senden Sie Ihre Probe zur Analyse an das Labor\" url=\"https:\/\/www.360-health.ch\/wp-content\/uploads\/2023\/12\/microscope.png\" source=\"library\" title=\"\"><\/div><\/div><div class=\"icon-box icon-box-body\">\n                <h3 class=\"title\">Senden Sie Ihre Probe zur Analyse an das Labor<\/h3>\n            <\/div>\n            \n            <\/div><\/div>\t\t\t\t<\/div>\n\t\t\t\t<\/div>\n\t\t\t\t\t<\/div>\n\t\t<\/div>\n\t\t\t\t<div class=\"elementor-column elementor-col-25 elementor-inner-column elementor-element elementor-element-53120899\" data-id=\"53120899\" data-element_type=\"column\" data-e-type=\"column\">\n\t\t\t<div class=\"elementor-widget-wrap elementor-element-populated\">\n\t\t\t\t\t\t<div class=\"elementor-element elementor-element-2ac4c57e jkit-equal-height-disable elementor-widget elementor-widget-jkit_icon_box\" data-id=\"2ac4c57e\" data-element_type=\"widget\" data-e-type=\"widget\" data-widget_type=\"jkit_icon_box.default\">\n\t\t\t\t<div class=\"elementor-widget-container\">\n\t\t\t\t\t<div  class=\"jeg-elementor-kit jkit-icon-box icon-position-top elementor-animation-grow jeg_module__3_69f0c6ad53d5b\" ><div class=\"jkit-icon-box-wrapper hover-from-left\"><div class=\"icon-box icon-box-header elementor-animation-float\"><div class=\"icon style-color\"><img loading=\"lazy\" decoding=\"async\" width=\"64\" height=\"64\" src=\"https:\/\/www.360-health.ch\/wp-content\/uploads\/2023\/12\/chemical-analysis.png\" class=\"attachment-full size-full\" alt=\"  Erhalten Sie Ihre Ergebnisse\" url=\"https:\/\/www.360-health.ch\/wp-content\/uploads\/2023\/12\/chemical-analysis.png\" source=\"library\" title=\"\"><\/div><\/div><div class=\"icon-box icon-box-body\">\n                <h3 class=\"title\">  Erhalten Sie Ihre Ergebnisse<\/h3>\n            <\/div>\n            \n            <\/div><\/div>\t\t\t\t<\/div>\n\t\t\t\t<\/div>\n\t\t\t\t\t<\/div>\n\t\t<\/div>\n\t\t\t\t\t<\/div>\n\t\t<\/section>\n\t\t\t\t\t<\/div>\n\t\t<\/div>\n\t\t\t\t\t<\/div>\n\t\t<\/section>\n\t\t\t\t<\/div>\n\t\t","protected":false},"excerpt":{"rendered":"<p><em>Chlamydia trachomatis,<\/em> <em>Neisseria gonorrhoeae<\/em> und<i> Mycoplasma genitalium<\/i> PCR-Analyse<\/p>\n<p><em>Chlamydia trachomatis,<\/em> <em>Neisseria gonorrhoeae<\/em> und<i> Mycoplasma genitalium<\/i> sind einige der h\u00e4ufigsten durch Geschlechtsverkehr \u00fcbertragbaren Krankheiten. Fr\u00fch erkannt, k\u00f6nnen diese Krankheiten gut behandelt werden. Wir verwenden die hochempfindliche PCR-Analysemethode zum Nachweis der Erreger. In den ersten Tagen nach einer Ansteckung k\u00f6nnen die Ergebnisse von Labortests vorerst noch negativ sein. Verl\u00e4ssliche Ergebnisse liegen in der Regel 2 Wochen nach einer Risikosituation vor.<\/p>\n<p>Nehmen Sie Ihre Probe  <strong>bequem und diskret von zu Hause aus mit den von uns zur Verf\u00fcgung gestellten Probenahmekits. Schicken Sie sie dann mit dem beiliegenden R\u00fcckumschlag an unser Schweizer Partnerlabor <\/strong>. Die Ergebnisse einschlie\u00dflich des offiziellen Laborberichts sind nach<strong> 1-2 Arbeitstagen<\/strong> per sicherer E-Mail verf\u00fcgbar<strong>.<\/strong><\/p>\n<p><a href=\"https:\/\/www.360-health.ch\/wp-content\/uploads\/2024\/08\/IFU-English-Jul24.pdf\">IFU Urin<\/a><\/p>\n","protected":false},"featured_media":5558,"comment_status":"closed","ping_status":"closed","template":"","meta":{"_acf_changed":false,"_kad_post_transparent":"default","_kad_post_title":"","_kad_post_layout":"default","_kad_post_sidebar_id":"","_kad_post_content_style":"default","_kad_post_vertical_padding":"default","_kad_post_feature":"","_kad_post_feature_position":"","_kad_post_header":false,"_kad_post_footer":false,"_kad_post_classname":""},"product_brand":[],"product_cat":[39],"product_tag":[65,66],"class_list":{"0":"post-2625","1":"product","2":"type-product","3":"status-publish","4":"has-post-thumbnail","6":"product_cat-geschlechtskrankheiten-test","7":"product_tag-chlamydia-trachomatis-de","8":"product_tag-neisseria-gonorrhoeae-de","9":"product_shipping_class-standard-swiss-a-post","11":"first","12":"instock","13":"taxable","14":"shipping-taxable","15":"purchasable","16":"product-type-simple","17":"entry","18":"content-bg","19":"loop-entry"},"acf":[],"_links":{"self":[{"href":"https:\/\/www.360-health.ch\/de\/wp-json\/wp\/v2\/product\/2625","targetHints":{"allow":["GET"]}}],"collection":[{"href":"https:\/\/www.360-health.ch\/de\/wp-json\/wp\/v2\/product"}],"about":[{"href":"https:\/\/www.360-health.ch\/de\/wp-json\/wp\/v2\/types\/product"}],"replies":[{"embeddable":true,"href":"https:\/\/www.360-health.ch\/de\/wp-json\/wp\/v2\/comments?post=2625"}],"version-history":[{"count":0,"href":"https:\/\/www.360-health.ch\/de\/wp-json\/wp\/v2\/product\/2625\/revisions"}],"wp:featuredmedia":[{"embeddable":true,"href":"https:\/\/www.360-health.ch\/de\/wp-json\/wp\/v2\/media\/5558"}],"wp:attachment":[{"href":"https:\/\/www.360-health.ch\/de\/wp-json\/wp\/v2\/media?parent=2625"}],"wp:term":[{"taxonomy":"product_brand","embeddable":true,"href":"https:\/\/www.360-health.ch\/de\/wp-json\/wp\/v2\/product_brand?post=2625"},{"taxonomy":"product_cat","embeddable":true,"href":"https:\/\/www.360-health.ch\/de\/wp-json\/wp\/v2\/product_cat?post=2625"},{"taxonomy":"product_tag","embeddable":true,"href":"https:\/\/www.360-health.ch\/de\/wp-json\/wp\/v2\/product_tag?post=2625"}],"curies":[{"name":"wp","href":"https:\/\/api.w.org\/{rel}","templated":true}]}}