{"id":3308,"date":"2024-06-07T13:49:57","date_gmt":"2024-06-07T11:49:57","guid":{"rendered":"https:\/\/www.360-health.ch\/product\/std-test-mycoplasma-ureaplasma-und-trichomonas-pcr\/"},"modified":"2026-04-19T18:21:01","modified_gmt":"2026-04-19T16:21:01","slug":"geschlechtskrankheiten-test-mycoplasma-ureaplasma-und-trichomonas-pcr","status":"publish","type":"product","link":"https:\/\/www.360-health.ch\/de\/produkt\/geschlechtskrankheiten-test-mycoplasma-ureaplasma-und-trichomonas-pcr\/","title":{"rendered":"Mycoplasma genitalium, Mycoplasma hominis, Ureaplasma parvum, Ureaplasma urealyticum PCR-Test"},"content":{"rendered":"\t\t<div data-elementor-type=\"product-post\" data-elementor-id=\"3308\" class=\"elementor elementor-3308 elementor-3267\" data-elementor-post-type=\"product\">\n\t\t\t\t\t\t<section class=\"elementor-section elementor-top-section elementor-element elementor-element-3bf7470e elementor-section-boxed elementor-section-height-default elementor-section-height-default\" data-id=\"3bf7470e\" data-element_type=\"section\" data-e-type=\"section\">\n\t\t\t\t\t\t<div class=\"elementor-container elementor-column-gap-default\">\n\t\t\t\t\t<div class=\"elementor-column elementor-col-100 elementor-top-column elementor-element elementor-element-4e46a6f8\" data-id=\"4e46a6f8\" data-element_type=\"column\" data-e-type=\"column\">\n\t\t\t<div class=\"elementor-widget-wrap elementor-element-populated\">\n\t\t\t\t\t\t<div class=\"elementor-element elementor-element-138728c elementor-widget elementor-widget-text-editor\" data-id=\"138728c\" data-element_type=\"widget\" data-e-type=\"widget\" data-widget_type=\"text-editor.default\">\n\t\t\t\t<div class=\"elementor-widget-container\">\n\t\t\t\t\t\t\t\t\t<p>Mycoplasma genitalium (PCR), Mycoplasma hominis (PCR), Ureaplasma parvum (PCR), Ureaplasma urealyticum (PCR). Wir stellen ein Testkit zur Verf\u00fcgung, mit dem Sie die Probe (Urin) bequem zu Hause entnehmen und in einem R\u00fcckumschlag an unser Partnerlabor in Z\u00fcrich schicken k\u00f6nnen. <\/p>\t\t\t\t\t\t\t\t<\/div>\n\t\t\t\t<\/div>\n\t\t\t\t\t<\/div>\n\t\t<\/div>\n\t\t\t\t\t<\/div>\n\t\t<\/section>\n\t\t\t\t<\/div>\n\t\t","protected":false},"excerpt":{"rendered":"<p><a href=\"https:\/\/de.wikipedia.org\/wiki\/Mycoplasma_genitalium\">Mycoplasma genitalium<\/a>, <a href=\"https:\/\/en.wikipedia.org\/wiki\/Mycoplasma_hominis\">Mycoplasma hominis<\/a>, <a href=\"https:\/\/en.wikipedia.org\/wiki\/Ureaplasma_parvum\">Ureaplasma parvum<\/a>, <a href=\"https:\/\/en.wikipedia.org\/wiki\/Ureaplasma_urealyticum\">Ureaplasma urealyticum <\/a>sind einige der h\u00e4ufigsten durch Geschlechtsverkehr \u00fcbertragbaren Krankheiten. Fr\u00fch erkannt, k\u00f6nnen diese Krankheiten gut behandelt werden. Wir verwenden die hochempfindliche PCR-Analyse zum Nachweis dieser Erreger. In den ersten Tagen nach einer Ansteckung k\u00f6nnen die Ergebnisse von Labortests vorerst noch negativ sein. Verl\u00e4ssliche Ergebnisse liegen in der Regel 1-2 Wochen nach einer m\u00f6glichen Ansteckung vor.<\/p>\n<p>Nehmen Sie Ihre Probe <strong>bequem und diskret von zu Hause aus (Urin)<\/strong>, die Analyse erfolgt durch ein medizinisches Labor in der Schweiz.<\/p>\n<p>Ergebnisse einschliesslich Laborbericht nach<strong> 1-2 Arbeitstagen.<\/strong><\/p>\n","protected":false},"featured_media":5445,"comment_status":"closed","ping_status":"closed","template":"","meta":{"_acf_changed":false,"_kad_post_transparent":"default","_kad_post_title":"","_kad_post_layout":"default","_kad_post_sidebar_id":"","_kad_post_content_style":"default","_kad_post_vertical_padding":"default","_kad_post_feature":"","_kad_post_feature_position":"","_kad_post_header":false,"_kad_post_footer":false,"_kad_post_classname":""},"product_brand":[],"product_cat":[39],"product_tag":[95],"class_list":{"0":"post-3308","1":"product","2":"type-product","3":"status-publish","4":"has-post-thumbnail","6":"product_cat-geschlechtskrankheiten-test","7":"product_tag-std-test-de","8":"product_shipping_class-standard-swiss-a-post","10":"first","11":"instock","12":"taxable","13":"shipping-taxable","14":"purchasable","15":"product-type-simple","16":"entry","17":"content-bg","18":"loop-entry"},"acf":[],"_links":{"self":[{"href":"https:\/\/www.360-health.ch\/de\/wp-json\/wp\/v2\/product\/3308","targetHints":{"allow":["GET"]}}],"collection":[{"href":"https:\/\/www.360-health.ch\/de\/wp-json\/wp\/v2\/product"}],"about":[{"href":"https:\/\/www.360-health.ch\/de\/wp-json\/wp\/v2\/types\/product"}],"replies":[{"embeddable":true,"href":"https:\/\/www.360-health.ch\/de\/wp-json\/wp\/v2\/comments?post=3308"}],"version-history":[{"count":0,"href":"https:\/\/www.360-health.ch\/de\/wp-json\/wp\/v2\/product\/3308\/revisions"}],"wp:featuredmedia":[{"embeddable":true,"href":"https:\/\/www.360-health.ch\/de\/wp-json\/wp\/v2\/media\/5445"}],"wp:attachment":[{"href":"https:\/\/www.360-health.ch\/de\/wp-json\/wp\/v2\/media?parent=3308"}],"wp:term":[{"taxonomy":"product_brand","embeddable":true,"href":"https:\/\/www.360-health.ch\/de\/wp-json\/wp\/v2\/product_brand?post=3308"},{"taxonomy":"product_cat","embeddable":true,"href":"https:\/\/www.360-health.ch\/de\/wp-json\/wp\/v2\/product_cat?post=3308"},{"taxonomy":"product_tag","embeddable":true,"href":"https:\/\/www.360-health.ch\/de\/wp-json\/wp\/v2\/product_tag?post=3308"}],"curies":[{"name":"wp","href":"https:\/\/api.w.org\/{rel}","templated":true}]}}