{"id":5296,"date":"2024-12-31T12:00:39","date_gmt":"2024-12-31T11:00:39","guid":{"rendered":"https:\/\/www.360-health.ch\/product\/vitamin-d-25-oh-cholecalciferol-test\/"},"modified":"2025-04-22T19:31:08","modified_gmt":"2025-04-22T17:31:08","slug":"vitamin-d-25-oh-cholecalciferol-test","status":"publish","type":"product","link":"https:\/\/www.360-health.ch\/de\/produkt\/vitamin-d-25-oh-cholecalciferol-test\/","title":{"rendered":"Vitamin D, 25-OH-Cholecalciferol Test"},"content":{"rendered":"<p>Die Analyse von <strong>Vitamin D, 25-OH-Cholecalciferol<\/strong> wird in erster Linie zur Beurteilung des Vitamin-D-Status des K\u00f6rpers verwendet. Dieser Test misst den Gehalt an 25-Hydroxyvitamin D, der wichtigsten zirkulierenden Form von Vitamin D im Blut. Er liefert wichtige Informationen f\u00fcr die Diagnose und Behandlung von Erkrankungen, die mit einem Vitamin-D-Mangel oder -\u00dcberschuss zusammenh\u00e4ngen.  <\/p>\n<p><strong>Verwendung und Nutzen von Vitamin D, 25-OH-Cholecalciferol Analyse<\/strong><br \/>\n1. Diagnose von Vitamin D-Mangel:<br \/>\n&#8211; Hilft bei der Feststellung eines unzureichenden Spiegels, der zu Knochenerkrankungen wie Rachitis bei Kindern oder Osteomalazie bei Erwachsenen f\u00fchren kann.<br \/>\n&#8211; Ein Mangel wird auch mit einem erh\u00f6hten Osteoporoserisiko in Verbindung gebracht, insbesondere bei \u00e4lteren Erwachsenen.<\/p>\n<p>2. \u00dcberwachung der Supplementierung:<br \/>\n&#8211; Bewertet die Wirksamkeit der Vitamin-D-Supplementierung und stellt sicher, dass der optimale Spiegel beibehalten wird.<br \/>\n&#8211; Hilft, eine \u00fcberm\u00e4\u00dfige Supplementierung zu verhindern, die zu Toxizit\u00e4t f\u00fchren kann.<\/p>\n<p>3. Bewertung der Knochengesundheit:<br \/>\n&#8211; Bietet Einblicke in den Knochenstoffwechsel, da Vitamin D f\u00fcr die Kalziumaufnahme und die Knochenmineralisierung unerl\u00e4sslich ist.<br \/>\n&#8211; Wird h\u00e4ufig zusammen mit Kalzium- und Phosphortests zur Diagnose von Knochenerkrankungen verwendet.<\/p>\n<p>4. Risikobewertung f\u00fcr chronische Krankheiten:<br \/>\n&#8211; Niedrige Vitamin-D-Spiegel wurden mit einem erh\u00f6hten Risiko f\u00fcr folgende Krankheiten in Verbindung gebracht:<br \/>\n&#8211; Herz-Kreislauf-Erkrankungen.<br \/>\n&#8211; Typ-2-Diabetes.<br \/>\n&#8211; Autoimmunerkrankungen wie Multiple Sklerose.<br \/>\n&#8211; Bestimmte Krebsarten, einschlie\u00dflich Darm- und Brustkrebs.<\/p>\n<p>5. Bewertung der Immunfunktion:<br \/>\n&#8211; Vitamin D spielt eine Schl\u00fcsselrolle bei der Modulation des Immunsystems, und sein Mangel wird mit einer h\u00f6heren Anf\u00e4lligkeit f\u00fcr Infektionen in Verbindung gebracht.<\/p>\n<p>6. M\u00fcdigkeit und Muskelschw\u00e4che:<br \/>\n&#8211; Hilft bei der Untersuchung von unerkl\u00e4rlicher M\u00fcdigkeit, Muskelschw\u00e4che oder allgemeinem Unwohlsein, die mit einem niedrigen Vitamin-D-Spiegel in Verbindung stehen k\u00f6nnten.<\/p>\n<p>7. Stoffwechselst\u00f6rungen:<br \/>\n&#8211; Bewertet den Vitamin-D-Status bei Erkrankungen wie Fettleibigkeit, bei denen die Fettspeicherung die Vitamin-D-Bioverf\u00fcgbarkeit beeintr\u00e4chtigt.<\/p>\n<p>8. Chronische Nierenerkrankung (CKD):<br \/>\n&#8211; \u00dcberwacht den Vitamin-D-Spiegel bei CKD-Patienten, da die Niere 25-OH-Vitamin D in seine aktive Form, 1,25-Dihydroxyvitamin D, umwandelt. Eine Beeintr\u00e4chtigung dieses Prozesses kann zu metabolischen Knochenerkrankungen f\u00fchren.<\/p>\n<p><strong>Optimale Werte<\/strong><br \/>\n&#8211; Normaler Bereich: Normalerweise 30-50 ng\/ml (75-125 nmol\/L), wobei dieser Wert je nach Labor und Region variieren kann.<br \/>\n&#8211; Mangel: Unter 20 ng\/mL (50 nmol\/L).<br \/>\n&#8211; Toxizit\u00e4tsrisiko: \u00dcber 150 ng\/mL (375 nmol\/L).<\/p>\n<p><strong>Klinische Anwendungen<\/strong><br \/>\n&#8211; Routineuntersuchungen bei Risikogruppen (z. B. \u00e4ltere Menschen, Schwangere, Menschen mit eingeschr\u00e4nkter Sonnenexposition).<br \/>\n&#8211; \u00dcberwachung bei Erkrankungen, die den Vitamin-D-Stoffwechsel beeintr\u00e4chtigen (z. B. Leber- oder Nierenerkrankungen).<br \/>\n&#8211; Unterst\u00fctzung der Behandlung des sekund\u00e4ren Hyperparathyreoidismus.<\/p>\n<p>Der Test ist einfach und erfordert in der Regel eine Blutprobe. Die Ergebnisse sind wertvoll, um Empfehlungen f\u00fcr die Behandlung und den Lebensstil zu geben, wie z.B. Ern\u00e4hrungsumstellung, Nahrungserg\u00e4nzung oder mehr Sonneneinstrahlung. <\/p>\n","protected":false},"excerpt":{"rendered":"<p>Die Analyse wird von einem Schweizer Labor auf der Grundlage der Immunassay-Technologie durchgef\u00fchrt. Eine Schritt-f\u00fcr-Schritt-Anleitung wird mit dem Testkit geliefert. Es wird nur Blut aus der Fingerbeere ben\u00f6tigt.  <\/p>\n<p>Entnehmen Sie Ihre Probe <strong>bequem von zu Hause aus mit unseren einfach zu verwendenden Probenahmekits und senden Sie sie mit dem R\u00fcckumschlag an unser Schweizer<\/strong> <strong>Partnerlabor.<\/strong><\/p>\n<p>Sie erhalten Ihre Ergebnisse einschlie\u00dflich des offiziellen Laborberichts nach<strong> 1-2 Arbeitstagen<\/strong> per sicherer E-Mail<strong>.<\/strong><\/p>\n","protected":false},"featured_media":5458,"comment_status":"closed","ping_status":"closed","template":"","meta":{"_acf_changed":false,"_kad_post_transparent":"","_kad_post_title":"","_kad_post_layout":"","_kad_post_sidebar_id":"","_kad_post_content_style":"","_kad_post_vertical_padding":"","_kad_post_feature":"","_kad_post_feature_position":"","_kad_post_header":false,"_kad_post_footer":false,"_kad_post_classname":""},"product_brand":[],"product_cat":[85],"product_tag":[],"class_list":{"0":"post-5296","1":"product","2":"type-product","3":"status-publish","4":"has-post-thumbnail","6":"product_cat-gesundheit","7":"product_shipping_class-standard-swiss-a-post","9":"first","10":"instock","11":"taxable","12":"shipping-taxable","13":"purchasable","14":"product-type-simple","15":"entry","16":"content-bg","17":"loop-entry"},"acf":[],"_links":{"self":[{"href":"https:\/\/www.360-health.ch\/de\/wp-json\/wp\/v2\/product\/5296","targetHints":{"allow":["GET"]}}],"collection":[{"href":"https:\/\/www.360-health.ch\/de\/wp-json\/wp\/v2\/product"}],"about":[{"href":"https:\/\/www.360-health.ch\/de\/wp-json\/wp\/v2\/types\/product"}],"replies":[{"embeddable":true,"href":"https:\/\/www.360-health.ch\/de\/wp-json\/wp\/v2\/comments?post=5296"}],"version-history":[{"count":0,"href":"https:\/\/www.360-health.ch\/de\/wp-json\/wp\/v2\/product\/5296\/revisions"}],"wp:featuredmedia":[{"embeddable":true,"href":"https:\/\/www.360-health.ch\/de\/wp-json\/wp\/v2\/media\/5458"}],"wp:attachment":[{"href":"https:\/\/www.360-health.ch\/de\/wp-json\/wp\/v2\/media?parent=5296"}],"wp:term":[{"taxonomy":"product_brand","embeddable":true,"href":"https:\/\/www.360-health.ch\/de\/wp-json\/wp\/v2\/product_brand?post=5296"},{"taxonomy":"product_cat","embeddable":true,"href":"https:\/\/www.360-health.ch\/de\/wp-json\/wp\/v2\/product_cat?post=5296"},{"taxonomy":"product_tag","embeddable":true,"href":"https:\/\/www.360-health.ch\/de\/wp-json\/wp\/v2\/product_tag?post=5296"}],"curies":[{"name":"wp","href":"https:\/\/api.w.org\/{rel}","templated":true}]}}