{"id":5614,"date":"2025-03-19T15:56:53","date_gmt":"2025-03-19T14:56:53","guid":{"rendered":"https:\/\/www.360-health.ch\/product\/eisen-transferrin-ferritin\/"},"modified":"2025-06-06T10:51:01","modified_gmt":"2025-06-06T08:51:01","slug":"eisen-transferrin-ferritin","status":"publish","type":"product","link":"https:\/\/www.360-health.ch\/de\/produkt\/eisen-transferrin-ferritin\/","title":{"rendered":"Eisen, Transferrin, Ferritin Test"},"content":{"rendered":"<p><strong>Eisen<\/strong> bequem von zu Hause aus <strong>pr\u00fcfen<\/strong> &#8211; Testkits f\u00fcr die Probenahme zu Hause<\/p>\n<p>Mit unseren Testkits f\u00fcr Eisen, Ferritin und Transferrin f\u00fcr die Heimanwendung k\u00f6nnen Sie Ihren Eisenstatus ganz einfach von zu Hause aus \u00fcberpr\u00fcfen. Unser zuverl\u00e4ssiger Labortest liefert Informationen \u00fcber einen m\u00f6glichen Eisenmangel oder eine Eisen\u00fcberladung, ohne dass Sie einen Arzt aufsuchen m\u00fcssen. <\/p>\n<ul>\n<li>Einfache Probenentnahme per Fingerstich<\/li>\n<li>Schnelle &amp; pr\u00e4zise Laboranalyse<\/li>\n<li>Detaillierte Ergebnisse mit Eisen-, Ferritin- und Transferrinwerten<\/li>\n<li>Ideal f\u00fcr alle, die ihren Eisenspiegel regelm\u00e4\u00dfig \u00fcberwachen m\u00f6chten<\/li>\n<\/ul>\n<p>Wie es funktioniert:<\/p>\n<ul>\n<li>Bestellen Sie Ihr Testkit bequem online<\/li>\n<li>Nehmen Sie die Probe zu Hause mit dem beiliegenden Kit<\/li>\n<li>Senden Sie die Probe mit dem beiliegenden R\u00fcckumschlag ein &#8211; unser Partnerlabor wird sie analysieren<\/li>\n<li>Erhalten Sie Ihre Ergebnisse per sicherer E-Mail mit einer klaren AnalyseTesten Sie jetzt und verschaffen Sie sich Klarheit \u00fcber Ihren Eisenstatus!<\/li>\n<\/ul>\n","protected":false},"excerpt":{"rendered":"<p>Die Analyse wird von einem Schweizer Labor auf der Grundlage der Immunassay-Technologie durchgef\u00fchrt. Eine Schritt-f\u00fcr-Schritt-Anleitung wird mit dem Testkit geliefert. Es wird nur Blut aus der Fingerbeere ben\u00f6tigt.  <\/p>\n<p>Entnehmen Sie Ihre Probe <strong>bequem von zu Hause aus mit unseren einfach zu verwendenden Probenahmekits und senden Sie sie mit dem R\u00fcckumschlag an unser Schweizer<\/strong> <strong>Partnerlabor.<\/strong><\/p>\n<p>Sie erhalten Ihre Ergebnisse einschlie\u00dflich des offiziellen Laborberichts nach<strong> 1-2 Arbeitstagen<\/strong> per sicherer E-Mail<strong>.<\/strong><\/p>\n","protected":false},"featured_media":5596,"comment_status":"closed","ping_status":"closed","template":"","meta":{"_acf_changed":false,"_kad_post_transparent":"","_kad_post_title":"","_kad_post_layout":"","_kad_post_sidebar_id":"","_kad_post_content_style":"","_kad_post_vertical_padding":"","_kad_post_feature":"","_kad_post_feature_position":"","_kad_post_header":false,"_kad_post_footer":false,"_kad_post_classname":""},"product_brand":[],"product_cat":[87],"product_tag":[],"class_list":{"0":"post-5614","1":"product","2":"type-product","3":"status-publish","4":"has-post-thumbnail","6":"product_cat-unkategorisiert-de","8":"first","9":"instock","10":"taxable","11":"shipping-taxable","12":"purchasable","13":"product-type-simple","14":"entry","15":"content-bg","16":"loop-entry"},"acf":[],"_links":{"self":[{"href":"https:\/\/www.360-health.ch\/de\/wp-json\/wp\/v2\/product\/5614","targetHints":{"allow":["GET"]}}],"collection":[{"href":"https:\/\/www.360-health.ch\/de\/wp-json\/wp\/v2\/product"}],"about":[{"href":"https:\/\/www.360-health.ch\/de\/wp-json\/wp\/v2\/types\/product"}],"replies":[{"embeddable":true,"href":"https:\/\/www.360-health.ch\/de\/wp-json\/wp\/v2\/comments?post=5614"}],"version-history":[{"count":0,"href":"https:\/\/www.360-health.ch\/de\/wp-json\/wp\/v2\/product\/5614\/revisions"}],"wp:featuredmedia":[{"embeddable":true,"href":"https:\/\/www.360-health.ch\/de\/wp-json\/wp\/v2\/media\/5596"}],"wp:attachment":[{"href":"https:\/\/www.360-health.ch\/de\/wp-json\/wp\/v2\/media?parent=5614"}],"wp:term":[{"taxonomy":"product_brand","embeddable":true,"href":"https:\/\/www.360-health.ch\/de\/wp-json\/wp\/v2\/product_brand?post=5614"},{"taxonomy":"product_cat","embeddable":true,"href":"https:\/\/www.360-health.ch\/de\/wp-json\/wp\/v2\/product_cat?post=5614"},{"taxonomy":"product_tag","embeddable":true,"href":"https:\/\/www.360-health.ch\/de\/wp-json\/wp\/v2\/product_tag?post=5614"}],"curies":[{"name":"wp","href":"https:\/\/api.w.org\/{rel}","templated":true}]}}