{"id":6940,"date":"2026-05-12T22:26:26","date_gmt":"2026-05-12T20:26:26","guid":{"rendered":"https:\/\/www.360-health.ch\/product\/amh-anti-muellerian-hormon\/"},"modified":"2026-05-14T10:32:07","modified_gmt":"2026-05-14T08:32:07","slug":"amh-anti-muellerian-hormon","status":"publish","type":"product","link":"https:\/\/www.360-health.ch\/de\/produkt\/amh-anti-muellerian-hormon\/","title":{"rendered":"Anti-M\u00fcllerian-Hormon AMH"},"content":{"rendered":"<p data-start=\"0\" data-end=\"32\"><strong data-start=\"0\" data-end=\"32\">Anti-M\u00fcller-Hormon (AMH)-Test<\/strong><\/p>\n<p data-start=\"34\" data-end=\"325\">Der AMH-Test misst den Spiegel des Anti-M\u00fcller-Hormons im Blut und gibt Aufschluss \u00fcber die ovarielle Reserve (Eizellenvorrat) einer Frau. Er wird h\u00e4ufig bei Fruchtbarkeitsuntersuchungen verwendet, um die verbleibende Anzahl der Eizellen abzusch\u00e4tzen und um zu beurteilen, wie die Eierst\u00f6cke auf eine hormonelle Stimulation reagieren k\u00f6nnten. <\/p>\n<p data-start=\"327\" data-end=\"579\">Die AMH-Werte sind weitgehend unabh\u00e4ngig vom Menstruationszyklus, so dass der Test jederzeit durchgef\u00fchrt werden kann. Niedrige Werte k\u00f6nnen auf eine verminderte Eierstockreserve hinweisen, w\u00e4hrend h\u00f6here Werte mit Erkrankungen wie dem polyzystischen Ovarialsyndrom (PCOS) in Verbindung gebracht werden k\u00f6nnen. <\/p>\n<p data-start=\"581\" data-end=\"734\" data-is-last-node=\"\" data-is-only-node=\"\">Geeignet f\u00fcr Frauen, die ihre Fruchtbarkeit beurteilen m\u00f6chten, eine Schwangerschaft planen oder zus\u00e4tzliche Informationen im Rahmen einer gyn\u00e4kologischen Untersuchung ben\u00f6tigen.<\/p>\n","protected":false},"excerpt":{"rendered":"<p><strong>AMH (Anti-M\u00fcllerian-Hormon)<\/strong><\/p>\n<p>Der AMH-Test misst den Spiegel des Anti-M\u00fcller-Hormons im Blut und gibt Aufschluss \u00fcber die ovarielle Reserve (Eizellenvorrat) einer Frau. Er wird h\u00e4ufig bei Fruchtbarkeitsuntersuchungen verwendet, um die verbleibende Anzahl der Eizellen abzusch\u00e4tzen und um zu beurteilen, wie die Eierst\u00f6cke auf eine hormonelle Stimulation reagieren k\u00f6nnten. <\/p>\n<p>Die AMH-Werte sind weitgehend unabh\u00e4ngig vom Menstruationszyklus, so dass der Test jederzeit durchgef\u00fchrt werden kann. Niedrige Werte k\u00f6nnen auf eine verminderte Eierstockreserve hinweisen, w\u00e4hrend h\u00f6here Werte mit Erkrankungen wie dem polyzystischen Ovarialsyndrom (PCOS) in Verbindung gebracht werden k\u00f6nnen. <\/p>\n<p><strong>Schmerzfreie Blutentnahme mit TAP II\u00ae<\/strong><\/p>\n<p>F\u00fcr diesen Test wird eine kleine Blutprobe mit dem TAP II Mikronadelger\u00e4t entnommen. Dieses innovative Ger\u00e4t verwendet mehrere mikroskopisch kleine Nadeln, um sanft Kapillarblut aus dem Oberarm (Schulterbereich) und nicht aus einer Fingerspitze oder Vene zu entnehmen. <\/p>\n<p>Die Anwendung ist schnell und praktisch schmerzlos &#8211; die meisten Menschen sp\u00fcren nur einen leichten Druck oder ein minimales Gef\u00fchl. Das Ger\u00e4t wird auf der Haut platziert, mit einem einfachen Klick aktiviert und sammelt innerhalb weniger Minuten automatisch die erforderliche Blutmenge. Es gibt keine sichtbare Nadel und in der Regel ist auch kein Dr\u00fccken oder wiederholter Versuch erforderlich.  <\/p>\n<p>Diese Methode eignet sich besonders f\u00fcr Tests zu Hause und bietet eine bequeme und stressfreie Alternative zur herk\u00f6mmlichen Blutabnahme. Die Probe wird von einem lizenzierten Schweizer Labor analysiert. Sie erhalten das Ergebnis innerhalb von 1-2 Werktagen per sicherer E-Mail.  <\/p>\n","protected":false},"featured_media":0,"comment_status":"closed","ping_status":"closed","template":"","meta":{"_acf_changed":false,"_kad_post_transparent":"","_kad_post_title":"","_kad_post_layout":"","_kad_post_sidebar_id":"","_kad_post_content_style":"","_kad_post_vertical_padding":"","_kad_post_feature":"","_kad_post_feature_position":"","_kad_post_header":false,"_kad_post_footer":false,"_kad_post_classname":""},"product_brand":[],"product_cat":[85],"product_tag":[],"class_list":{"0":"post-6940","1":"product","2":"type-product","3":"status-publish","5":"product_cat-gesundheit","7":"first","8":"instock","9":"taxable","10":"shipping-taxable","11":"purchasable","12":"product-type-simple","13":"entry","14":"content-bg","15":"loop-entry"},"acf":[],"_links":{"self":[{"href":"https:\/\/www.360-health.ch\/de\/wp-json\/wp\/v2\/product\/6940","targetHints":{"allow":["GET"]}}],"collection":[{"href":"https:\/\/www.360-health.ch\/de\/wp-json\/wp\/v2\/product"}],"about":[{"href":"https:\/\/www.360-health.ch\/de\/wp-json\/wp\/v2\/types\/product"}],"replies":[{"embeddable":true,"href":"https:\/\/www.360-health.ch\/de\/wp-json\/wp\/v2\/comments?post=6940"}],"version-history":[{"count":1,"href":"https:\/\/www.360-health.ch\/de\/wp-json\/wp\/v2\/product\/6940\/revisions"}],"predecessor-version":[{"id":6981,"href":"https:\/\/www.360-health.ch\/de\/wp-json\/wp\/v2\/product\/6940\/revisions\/6981"}],"wp:attachment":[{"href":"https:\/\/www.360-health.ch\/de\/wp-json\/wp\/v2\/media?parent=6940"}],"wp:term":[{"taxonomy":"product_brand","embeddable":true,"href":"https:\/\/www.360-health.ch\/de\/wp-json\/wp\/v2\/product_brand?post=6940"},{"taxonomy":"product_cat","embeddable":true,"href":"https:\/\/www.360-health.ch\/de\/wp-json\/wp\/v2\/product_cat?post=6940"},{"taxonomy":"product_tag","embeddable":true,"href":"https:\/\/www.360-health.ch\/de\/wp-json\/wp\/v2\/product_tag?post=6940"}],"curies":[{"name":"wp","href":"https:\/\/api.w.org\/{rel}","templated":true}]}}