{"id":6942,"date":"2026-05-12T22:26:26","date_gmt":"2026-05-12T20:26:26","guid":{"rendered":"https:\/\/www.360-health.ch\/product\/amh-hormone-anti-mullerienne\/"},"modified":"2026-05-14T10:31:31","modified_gmt":"2026-05-14T08:31:31","slug":"amh-hormone-anti-mullerienne","status":"publish","type":"product","link":"https:\/\/www.360-health.ch\/fr\/produit\/amh-hormone-anti-mullerienne\/","title":{"rendered":"Hormone anti-m\u00fcll\u00e9rienne AMH"},"content":{"rendered":"<p data-start=\"0\" data-end=\"32\"><strong data-start=\"0\" data-end=\"32\">Test de l&rsquo;hormone anti-m\u00fcll\u00e9rienne (AMH)<\/strong><\/p>\n<p data-start=\"34\" data-end=\"325\">Le test AMH mesure le taux d&rsquo;hormone anti-m\u00fcll\u00e9rienne dans le sang et donne une id\u00e9e de la r\u00e9serve ovarienne d&rsquo;une femme (r\u00e9serve d&rsquo;ovules). Il est couramment utilis\u00e9 dans les bilans de fertilit\u00e9 pour estimer le nombre d&rsquo;ovules restants et \u00e9valuer la fa\u00e7on dont les ovaires peuvent r\u00e9pondre \u00e0 une stimulation hormonale. <\/p>\n<p data-start=\"327\" data-end=\"579\">Les taux d&rsquo;AMH sont largement ind\u00e9pendants du cycle menstruel, ce qui signifie que le test peut \u00eatre effectu\u00e9 \u00e0 tout moment. Des taux faibles peuvent indiquer une r\u00e9serve ovarienne r\u00e9duite, tandis que des taux \u00e9lev\u00e9s peuvent \u00eatre associ\u00e9s \u00e0 des pathologies telles que le syndrome des ovaires polykystiques (SOPK). <\/p>\n<p data-start=\"581\" data-end=\"734\" data-is-last-node=\"\" data-is-only-node=\"\">Convient aux femmes qui souhaitent \u00e9valuer leur fertilit\u00e9, qui planifient une grossesse ou qui ont besoin d&rsquo;informations suppl\u00e9mentaires dans le cadre d&rsquo;une \u00e9valuation gyn\u00e9cologique.<\/p>\n","protected":false},"excerpt":{"rendered":"<p><strong>AMH (hormone anti-m\u00fcll\u00e9rienne)<\/strong><\/p>\n<p>Le test AMH mesure le taux d&rsquo;hormone anti-m\u00fcll\u00e9rienne dans le sang et donne une id\u00e9e de la r\u00e9serve ovarienne d&rsquo;une femme (r\u00e9serve d&rsquo;ovules). Il est couramment utilis\u00e9 dans les bilans de fertilit\u00e9 pour estimer le nombre d&rsquo;ovules restants et \u00e9valuer la fa\u00e7on dont les ovaires peuvent r\u00e9pondre \u00e0 une stimulation hormonale. <\/p>\n<p>Les taux d&rsquo;AMH sont largement ind\u00e9pendants du cycle menstruel, ce qui signifie que le test peut \u00eatre effectu\u00e9 \u00e0 tout moment. Des taux faibles peuvent indiquer une r\u00e9serve ovarienne r\u00e9duite, tandis que des taux \u00e9lev\u00e9s peuvent \u00eatre associ\u00e9s \u00e0 des pathologies telles que le syndrome des ovaires polykystiques (SOPK). <\/p>\n<p><strong>Pr\u00e9l\u00e8vement de sang sans douleur avec TAP II\u00ae.<\/strong><\/p>\n<p>Pour ce test, un petit \u00e9chantillon de sang est pr\u00e9lev\u00e9 \u00e0 l&rsquo;aide du dispositif \u00e0 micro-aiguilles TAP II. Ce dispositif innovant utilise plusieurs aiguilles microscopiques pour pr\u00e9lever d\u00e9licatement du sang capillaire dans la partie sup\u00e9rieure du bras (r\u00e9gion de l&rsquo;\u00e9paule), plut\u00f4t qu&rsquo;au bout d&rsquo;un doigt ou d&rsquo;une veine. <\/p>\n<p>L&rsquo;application est rapide et con\u00e7ue pour \u00eatre pratiquement indolore &#8211; la plupart des personnes ne ressentent qu&rsquo;une l\u00e9g\u00e8re pression ou une sensation minimale. Le dispositif est plac\u00e9 sur la peau, activ\u00e9 par un simple clic et pr\u00e9l\u00e8ve automatiquement la quantit\u00e9 de sang n\u00e9cessaire en quelques minutes. Il n&rsquo;y a pas d&rsquo;aiguille visible et il n&rsquo;est g\u00e9n\u00e9ralement pas n\u00e9cessaire de presser ou de r\u00e9p\u00e9ter les tentatives.  <\/p>\n<p>Cette m\u00e9thode est particuli\u00e8rement pratique pour les tests \u00e0 domicile, offrant une alternative confortable et sans stress aux prises de sang traditionnelles. L&rsquo;\u00e9chantillon sera analys\u00e9 par un laboratoire suisse agr\u00e9\u00e9. Vous recevrez le r\u00e9sultat dans un d\u00e9lai de 1 \u00e0 2 jours ouvrables par courrier \u00e9lectronique s\u00e9curis\u00e9.  <\/p>\n","protected":false},"featured_media":0,"comment_status":"closed","ping_status":"closed","template":"","meta":{"_acf_changed":false,"_kad_post_transparent":"","_kad_post_title":"","_kad_post_layout":"","_kad_post_sidebar_id":"","_kad_post_content_style":"","_kad_post_vertical_padding":"","_kad_post_feature":"","_kad_post_feature_position":"","_kad_post_header":false,"_kad_post_footer":false,"_kad_post_classname":""},"product_brand":[],"product_cat":[83],"product_tag":[],"class_list":{"0":"post-6942","1":"product","2":"type-product","3":"status-publish","5":"product_cat-sante-generale","7":"first","8":"instock","9":"taxable","10":"shipping-taxable","11":"purchasable","12":"product-type-simple","13":"entry","14":"content-bg","15":"loop-entry"},"acf":[],"_links":{"self":[{"href":"https:\/\/www.360-health.ch\/fr\/wp-json\/wp\/v2\/product\/6942","targetHints":{"allow":["GET"]}}],"collection":[{"href":"https:\/\/www.360-health.ch\/fr\/wp-json\/wp\/v2\/product"}],"about":[{"href":"https:\/\/www.360-health.ch\/fr\/wp-json\/wp\/v2\/types\/product"}],"replies":[{"embeddable":true,"href":"https:\/\/www.360-health.ch\/fr\/wp-json\/wp\/v2\/comments?post=6942"}],"version-history":[{"count":1,"href":"https:\/\/www.360-health.ch\/fr\/wp-json\/wp\/v2\/product\/6942\/revisions"}],"predecessor-version":[{"id":6978,"href":"https:\/\/www.360-health.ch\/fr\/wp-json\/wp\/v2\/product\/6942\/revisions\/6978"}],"wp:attachment":[{"href":"https:\/\/www.360-health.ch\/fr\/wp-json\/wp\/v2\/media?parent=6942"}],"wp:term":[{"taxonomy":"product_brand","embeddable":true,"href":"https:\/\/www.360-health.ch\/fr\/wp-json\/wp\/v2\/product_brand?post=6942"},{"taxonomy":"product_cat","embeddable":true,"href":"https:\/\/www.360-health.ch\/fr\/wp-json\/wp\/v2\/product_cat?post=6942"},{"taxonomy":"product_tag","embeddable":true,"href":"https:\/\/www.360-health.ch\/fr\/wp-json\/wp\/v2\/product_tag?post=6942"}],"curies":[{"name":"wp","href":"https:\/\/api.w.org\/{rel}","templated":true}]}}