{"id":6944,"date":"2026-05-12T22:26:26","date_gmt":"2026-05-12T20:26:26","guid":{"rendered":"https:\/\/www.360-health.ch\/product\/amh-ormone-anti-mulleriano\/"},"modified":"2026-05-14T11:24:27","modified_gmt":"2026-05-14T09:24:27","slug":"amh-ormone-anti-mulleriano","status":"publish","type":"product","link":"https:\/\/www.360-health.ch\/it\/prodotto\/amh-ormone-anti-mulleriano\/","title":{"rendered":"Ormone anti-m\u00fclleriano AMH"},"content":{"rendered":"<p data-start=\"0\" data-end=\"32\"><strong data-start=\"0\" data-end=\"32\">Test dell&#8217;ormone anti-m\u00fclleriano (AMH)<\/strong><\/p>\n<p data-start=\"34\" data-end=\"325\">Il test AMH misura il livello dell&#8217;ormone anti-m\u00fclleriano nel sangue e fornisce indicazioni sulla riserva ovarica di una donna. Viene comunemente utilizzato nelle valutazioni della fertilit\u00e0 per stimare il numero rimanente di ovuli e per valutare come le ovaie possono rispondere alla stimolazione ormonale. <\/p>\n<p data-start=\"327\" data-end=\"579\">I livelli di AMH sono in gran parte indipendenti dal ciclo mestruale, il che significa che il test pu\u00f2 essere eseguito in qualsiasi momento. Livelli bassi possono indicare una ridotta riserva ovarica, mentre livelli pi\u00f9 alti possono essere associati a condizioni come la sindrome dell&#8217;ovaio policistico (PCOS). <\/p>\n<p data-start=\"581\" data-end=\"734\" data-is-last-node=\"\" data-is-only-node=\"\">Adatto alle donne che vogliono valutare la propria fertilit\u00e0, che stanno pianificando una gravidanza o che necessitano di informazioni aggiuntive nell&#8217;ambito di una valutazione ginecologica.<\/p>\n","protected":false},"excerpt":{"rendered":"<p><strong>AMH (Ormone anti-m\u00fclleriano)<\/strong><\/p>\n<p>Il test AMH misura il livello dell&#8217;ormone anti-m\u00fclleriano nel sangue e fornisce indicazioni sulla riserva ovarica di una donna. Viene comunemente utilizzato nelle valutazioni della fertilit\u00e0 per stimare il numero rimanente di ovuli e per valutare come le ovaie possono rispondere alla stimolazione ormonale. <\/p>\n<p>I livelli di AMH sono in gran parte indipendenti dal ciclo mestruale, il che significa che il test pu\u00f2 essere eseguito in qualsiasi momento. Livelli bassi possono indicare una ridotta riserva ovarica, mentre livelli pi\u00f9 alti possono essere associati a condizioni come la sindrome dell&#8217;ovaio policistico (PCOS). <\/p>\n<p><strong>Prelievo di sangue indolore con TAP II<\/strong><\/p>\n<p>Per questo test, un piccolo campione di sangue viene raccolto utilizzando il dispositivo a microaghi TAP II. Questo innovativo dispositivo utilizza pi\u00f9 aghi microscopici per prelevare delicatamente sangue capillare dalla parte superiore del braccio (zona della spalla), anzich\u00e9 da un polpastrello o da una vena. <\/p>\n<p>L&#8217;applicazione \u00e8 rapida e progettata per essere praticamente indolore: la maggior parte delle persone avverte solo una leggera pressione o una sensazione minima. Il dispositivo viene posizionato sulla pelle, si attiva con un semplice click e raccoglie automaticamente la quantit\u00e0 di sangue richiesta in pochi minuti. Non c&#8217;\u00e8 nessun ago visibile e in genere non c&#8217;\u00e8 bisogno di spremere o di ripetere il prelievo.  <\/p>\n<p>Questo metodo \u00e8 particolarmente comodo per i test a casa, offrendo un&#8217;alternativa comoda e senza stress ai tradizionali prelievi di sangue. Il campione verr\u00e0 analizzato da un laboratorio svizzero autorizzato. Riceverai i risultati in 1-2 giorni lavorativi via e-mail.  <\/p>\n","protected":false},"featured_media":0,"comment_status":"closed","ping_status":"closed","template":"","meta":{"_acf_changed":false,"_kad_post_transparent":"","_kad_post_title":"","_kad_post_layout":"","_kad_post_sidebar_id":"","_kad_post_content_style":"","_kad_post_vertical_padding":"","_kad_post_feature":"","_kad_post_feature_position":"","_kad_post_header":false,"_kad_post_footer":false,"_kad_post_classname":""},"product_brand":[],"product_cat":[84],"product_tag":[],"class_list":{"0":"post-6944","1":"product","2":"type-product","3":"status-publish","5":"product_cat-salute-generale","7":"first","8":"instock","9":"taxable","10":"shipping-taxable","11":"purchasable","12":"product-type-simple","13":"entry","14":"content-bg","15":"loop-entry"},"acf":[],"_links":{"self":[{"href":"https:\/\/www.360-health.ch\/it\/wp-json\/wp\/v2\/product\/6944","targetHints":{"allow":["GET"]}}],"collection":[{"href":"https:\/\/www.360-health.ch\/it\/wp-json\/wp\/v2\/product"}],"about":[{"href":"https:\/\/www.360-health.ch\/it\/wp-json\/wp\/v2\/types\/product"}],"replies":[{"embeddable":true,"href":"https:\/\/www.360-health.ch\/it\/wp-json\/wp\/v2\/comments?post=6944"}],"version-history":[{"count":1,"href":"https:\/\/www.360-health.ch\/it\/wp-json\/wp\/v2\/product\/6944\/revisions"}],"predecessor-version":[{"id":6985,"href":"https:\/\/www.360-health.ch\/it\/wp-json\/wp\/v2\/product\/6944\/revisions\/6985"}],"wp:attachment":[{"href":"https:\/\/www.360-health.ch\/it\/wp-json\/wp\/v2\/media?parent=6944"}],"wp:term":[{"taxonomy":"product_brand","embeddable":true,"href":"https:\/\/www.360-health.ch\/it\/wp-json\/wp\/v2\/product_brand?post=6944"},{"taxonomy":"product_cat","embeddable":true,"href":"https:\/\/www.360-health.ch\/it\/wp-json\/wp\/v2\/product_cat?post=6944"},{"taxonomy":"product_tag","embeddable":true,"href":"https:\/\/www.360-health.ch\/it\/wp-json\/wp\/v2\/product_tag?post=6944"}],"curies":[{"name":"wp","href":"https:\/\/api.w.org\/{rel}","templated":true}]}}